{"id":1481,"date":"2019-06-20T19:18:04","date_gmt":"2019-06-20T16:18:04","guid":{"rendered":"https:\/\/picromatics.com\/?page_id=1481"},"modified":"2021-08-01T19:35:21","modified_gmt":"2021-08-01T16:35:21","slug":"custom-hardware","status":"publish","type":"page","link":"https:\/\/picromatics.com\/ro\/custom-hardware\/","title":{"rendered":"Hardware specializat"},"content":{"rendered":"<div class=\"wp-block-cover alignfull has-background-dim\"><img loading=\"lazy\" decoding=\"async\" width=\"2048\" height=\"1367\" class=\"wp-block-cover__image-background wp-image-1715\" alt=\"\" src=\"https:\/\/picromatics.com\/wp-content\/uploads\/2019\/09\/437323-PEBLOP-832-Copy.jpg\" style=\"object-position:50% 98%\" data-object-fit=\"cover\" data-object-position=\"50% 98%\" srcset=\"https:\/\/picromatics.com\/wp-content\/uploads\/2019\/09\/437323-PEBLOP-832-Copy.jpg 2048w, https:\/\/picromatics.com\/wp-content\/uploads\/2019\/09\/437323-PEBLOP-832-Copy-300x200.jpg 300w, https:\/\/picromatics.com\/wp-content\/uploads\/2019\/09\/437323-PEBLOP-832-Copy-768x513.jpg 768w, https:\/\/picromatics.com\/wp-content\/uploads\/2019\/09\/437323-PEBLOP-832-Copy-1024x684.jpg 1024w\" sizes=\"auto, (max-width: 2048px) 100vw, 2048px\" \/><div class=\"wp-block-cover__inner-container is-layout-flow wp-block-cover-is-layout-flow\">\n<p class=\"has-text-align-center has-large-font-size\"><strong>Hai s\u0103 construim \u00eempreun\u0103<\/strong><\/p>\n\n\n\n<p class=\"has-text-align-center\" style=\"font-size:18px\"> Suntem preg\u0103ti\u021bi s\u0103 construim ceva nou. <\/p>\n\n\n\n<p class=\"has-text-align-center\" style=\"font-size:18px\">Ai o idee inovatoare pentru un nou dispozitiv smart? <\/p>\n\n\n\n<div class=\"wp-block-buttons alignwide is-content-justification-center is-layout-flex wp-block-buttons-is-layout-flex\">\n<div class=\"wp-block-button\"><a class=\"wp-block-button__link has-black-color has-white-background-color has-text-color has-background\" href=\"https:\/\/picromatics.com\/#contact\"><strong>S\u0103 \u00eencepem<\/strong><\/a><\/div>\n<\/div>\n<\/div><\/div>\n\n\n\n<p><\/p>","protected":false},"excerpt":{"rendered":"<p>Suntem preg\u0103ti\u021bi s\u0103 construim ceva nou. Ai o idee inovatoare pentru un nou dispozitiv smart care ne poate ajuta pe to\u021bi? Sau poate ai o nevoie tehnologic\u0103 particular\u0103? Exper\u021bii no\u0219tri vor face tot ce este nevoie pentru a te ajuta.<\/p>\n","protected":false},"author":1,"featured_media":1482,"parent":0,"menu_order":0,"comment_status":"closed","ping_status":"closed","template":"template-fullwidth.php","meta":{"_exactmetrics_skip_tracking":false,"_exactmetrics_sitenote_active":false,"_exactmetrics_sitenote_note":"","_exactmetrics_sitenote_category":0,"footnotes":""},"class_list":["post-1481","page","type-page","status-publish","has-post-thumbnail","hentry"],"yoast_head":"<!-- This site is optimized with the Yoast SEO plugin v24.1 - https:\/\/yoast.com\/wordpress\/plugins\/seo\/ -->\n<title>Hardware specializat | Picromatics<\/title>\n<meta name=\"robots\" content=\"index, follow, max-snippet:-1, max-image-preview:large, max-video-preview:-1\" \/>\n<link rel=\"canonical\" href=\"https:\/\/picromatics.com\/custom-hardware\/\" \/>\n<meta property=\"og:locale\" content=\"ro_RO\" \/>\n<meta property=\"og:type\" content=\"article\" \/>\n<meta property=\"og:title\" content=\"[:en]Custom hardware[:ro]Hardware specializat[:] | Picromatics\" \/>\n<meta property=\"og:description\" content=\"[:en]We are always ready to build something new. Do you have an innovative idea of a smart device that can help us all? Or maybe you have a very specific technological need? Our expert engineers will do whatever it takes to help you.[:ro] Suntem preg\u0103ti\u021bi s\u0103 construim ceva nou. Ai o idee inovatoare pentru un nou dispozitiv smart care ne poate ajuta pe to\u021bi? Sau poate ai o nevoie tehnologic\u0103 particular\u0103? Exper\u021bii no\u0219tri vor face tot ce este nevoie pentru a te ajuta.[:]\" \/>\n<meta property=\"og:url\" content=\"https:\/\/picromatics.com\/custom-hardware\/\" \/>\n<meta property=\"og:site_name\" content=\"Picromatics\" \/>\n<meta property=\"article:publisher\" content=\"https:\/\/facebook.com\/picromatics\" \/>\n<meta property=\"article:modified_time\" content=\"2021-08-01T16:35:21+00:00\" \/>\n<meta property=\"og:image\" content=\"https:\/\/picromatics.com\/wp-content\/uploads\/2019\/06\/blur-capacitors-chip-1432675.jpg\" \/>\n\t<meta property=\"og:image:width\" content=\"1368\" \/>\n\t<meta property=\"og:image:height\" content=\"912\" \/>\n\t<meta property=\"og:image:type\" content=\"image\/jpeg\" \/>\n<meta name=\"twitter:card\" content=\"summary_large_image\" \/>\n<meta name=\"twitter:label1\" content=\"Timp estimat pentru citire\" \/>\n\t<meta name=\"twitter:data1\" content=\"1 minut\" \/>\n<script type=\"application\/ld+json\" class=\"yoast-schema-graph\">{\"@context\":\"https:\/\/schema.org\",\"@graph\":[{\"@type\":\"WebPage\",\"@id\":\"https:\/\/picromatics.com\/custom-hardware\/\",\"url\":\"https:\/\/picromatics.com\/custom-hardware\/\",\"name\":\"[:en]Custom hardware[:ro]Hardware specializat[:] | Picromatics\",\"isPartOf\":{\"@id\":\"https:\/\/picromatics.com\/#website\"},\"primaryImageOfPage\":{\"@id\":\"https:\/\/picromatics.com\/custom-hardware\/#primaryimage\"},\"image\":{\"@id\":\"https:\/\/picromatics.com\/custom-hardware\/#primaryimage\"},\"thumbnailUrl\":\"https:\/\/picromatics.com\/wp-content\/uploads\/2019\/06\/blur-capacitors-chip-1432675.jpg\",\"datePublished\":\"2019-06-20T16:18:04+00:00\",\"dateModified\":\"2021-08-01T16:35:21+00:00\",\"breadcrumb\":{\"@id\":\"https:\/\/picromatics.com\/custom-hardware\/#breadcrumb\"},\"inLanguage\":\"ro-RO\",\"potentialAction\":[{\"@type\":\"ReadAction\",\"target\":[\"https:\/\/picromatics.com\/custom-hardware\/\"]}]},{\"@type\":\"ImageObject\",\"inLanguage\":\"ro-RO\",\"@id\":\"https:\/\/picromatics.com\/custom-hardware\/#primaryimage\",\"url\":\"https:\/\/picromatics.com\/wp-content\/uploads\/2019\/06\/blur-capacitors-chip-1432675.jpg\",\"contentUrl\":\"https:\/\/picromatics.com\/wp-content\/uploads\/2019\/06\/blur-capacitors-chip-1432675.jpg\",\"width\":1368,\"height\":912,\"caption\":\"custom hardware devices\"},{\"@type\":\"BreadcrumbList\",\"@id\":\"https:\/\/picromatics.com\/custom-hardware\/#breadcrumb\",\"itemListElement\":[{\"@type\":\"ListItem\",\"position\":1,\"name\":\"Home\",\"item\":\"https:\/\/picromatics.com\/\"},{\"@type\":\"ListItem\",\"position\":2,\"name\":\"Custom hardware\"}]},{\"@type\":\"WebSite\",\"@id\":\"https:\/\/picromatics.com\/#website\",\"url\":\"https:\/\/picromatics.com\/\",\"name\":\"Picromatics\",\"description\":\"Upgrading your future\",\"publisher\":{\"@id\":\"https:\/\/picromatics.com\/#organization\"},\"potentialAction\":[{\"@type\":\"SearchAction\",\"target\":{\"@type\":\"EntryPoint\",\"urlTemplate\":\"https:\/\/picromatics.com\/?s={search_term_string}\"},\"query-input\":{\"@type\":\"PropertyValueSpecification\",\"valueRequired\":true,\"valueName\":\"search_term_string\"}}],\"inLanguage\":\"ro-RO\"},{\"@type\":\"Organization\",\"@id\":\"https:\/\/picromatics.com\/#organization\",\"name\":\"Picromatics\",\"url\":\"https:\/\/picromatics.com\/\",\"logo\":{\"@type\":\"ImageObject\",\"inLanguage\":\"ro-RO\",\"@id\":\"https:\/\/picromatics.com\/#\/schema\/logo\/image\/\",\"url\":\"https:\/\/picromatics.com\/wp-content\/uploads\/2019\/06\/logo-final-picromatics-resized.png\",\"contentUrl\":\"https:\/\/picromatics.com\/wp-content\/uploads\/2019\/06\/logo-final-picromatics-resized.png\",\"width\":322,\"height\":50,\"caption\":\"Picromatics\"},\"image\":{\"@id\":\"https:\/\/picromatics.com\/#\/schema\/logo\/image\/\"},\"sameAs\":[\"https:\/\/facebook.com\/picromatics\",\"https:\/\/instagram.com\/@picromatics\"]}]}<\/script>\n<!-- \/ Yoast SEO plugin. -->","yoast_head_json":{"title":"[:en]Custom hardware[:ro]Hardware specializat[:] | Picromatics","robots":{"index":"index","follow":"follow","max-snippet":"max-snippet:-1","max-image-preview":"max-image-preview:large","max-video-preview":"max-video-preview:-1"},"canonical":"https:\/\/picromatics.com\/custom-hardware\/","og_locale":"ro_RO","og_type":"article","og_title":"[:en]Custom hardware[:ro]Hardware specializat[:] | Picromatics","og_description":"[:en]We are always ready to build something new. Do you have an innovative idea of a smart device that can help us all? Or maybe you have a very specific technological need? Our expert engineers will do whatever it takes to help you.[:ro] Suntem preg\u0103ti\u021bi s\u0103 construim ceva nou. Ai o idee inovatoare pentru un nou dispozitiv smart care ne poate ajuta pe to\u021bi? Sau poate ai o nevoie tehnologic\u0103 particular\u0103? Exper\u021bii no\u0219tri vor face tot ce este nevoie pentru a te ajuta.[:]","og_url":"https:\/\/picromatics.com\/custom-hardware\/","og_site_name":"Picromatics","article_publisher":"https:\/\/facebook.com\/picromatics","article_modified_time":"2021-08-01T16:35:21+00:00","og_image":[{"width":1368,"height":912,"url":"https:\/\/picromatics.com\/wp-content\/uploads\/2019\/06\/blur-capacitors-chip-1432675.jpg","type":"image\/jpeg"}],"twitter_card":"summary_large_image","twitter_misc":{"Timp estimat pentru citire":"1 minut"},"schema":{"@context":"https:\/\/schema.org","@graph":[{"@type":"WebPage","@id":"https:\/\/picromatics.com\/custom-hardware\/","url":"https:\/\/picromatics.com\/custom-hardware\/","name":"[:en]Custom hardware[:ro]Hardware specializat[:] | Picromatics","isPartOf":{"@id":"https:\/\/picromatics.com\/#website"},"primaryImageOfPage":{"@id":"https:\/\/picromatics.com\/custom-hardware\/#primaryimage"},"image":{"@id":"https:\/\/picromatics.com\/custom-hardware\/#primaryimage"},"thumbnailUrl":"https:\/\/picromatics.com\/wp-content\/uploads\/2019\/06\/blur-capacitors-chip-1432675.jpg","datePublished":"2019-06-20T16:18:04+00:00","dateModified":"2021-08-01T16:35:21+00:00","breadcrumb":{"@id":"https:\/\/picromatics.com\/custom-hardware\/#breadcrumb"},"inLanguage":"ro-RO","potentialAction":[{"@type":"ReadAction","target":["https:\/\/picromatics.com\/custom-hardware\/"]}]},{"@type":"ImageObject","inLanguage":"ro-RO","@id":"https:\/\/picromatics.com\/custom-hardware\/#primaryimage","url":"https:\/\/picromatics.com\/wp-content\/uploads\/2019\/06\/blur-capacitors-chip-1432675.jpg","contentUrl":"https:\/\/picromatics.com\/wp-content\/uploads\/2019\/06\/blur-capacitors-chip-1432675.jpg","width":1368,"height":912,"caption":"custom hardware devices"},{"@type":"BreadcrumbList","@id":"https:\/\/picromatics.com\/custom-hardware\/#breadcrumb","itemListElement":[{"@type":"ListItem","position":1,"name":"Home","item":"https:\/\/picromatics.com\/"},{"@type":"ListItem","position":2,"name":"Custom hardware"}]},{"@type":"WebSite","@id":"https:\/\/picromatics.com\/#website","url":"https:\/\/picromatics.com\/","name":"Picromatics","description":"Upgrading your future","publisher":{"@id":"https:\/\/picromatics.com\/#organization"},"potentialAction":[{"@type":"SearchAction","target":{"@type":"EntryPoint","urlTemplate":"https:\/\/picromatics.com\/?s={search_term_string}"},"query-input":{"@type":"PropertyValueSpecification","valueRequired":true,"valueName":"search_term_string"}}],"inLanguage":"ro-RO"},{"@type":"Organization","@id":"https:\/\/picromatics.com\/#organization","name":"Picromatics","url":"https:\/\/picromatics.com\/","logo":{"@type":"ImageObject","inLanguage":"ro-RO","@id":"https:\/\/picromatics.com\/#\/schema\/logo\/image\/","url":"https:\/\/picromatics.com\/wp-content\/uploads\/2019\/06\/logo-final-picromatics-resized.png","contentUrl":"https:\/\/picromatics.com\/wp-content\/uploads\/2019\/06\/logo-final-picromatics-resized.png","width":322,"height":50,"caption":"Picromatics"},"image":{"@id":"https:\/\/picromatics.com\/#\/schema\/logo\/image\/"},"sameAs":["https:\/\/facebook.com\/picromatics","https:\/\/instagram.com\/@picromatics"]}]}},"_links":{"self":[{"href":"https:\/\/picromatics.com\/ro\/wp-json\/wp\/v2\/pages\/1481","targetHints":{"allow":["GET"]}}],"collection":[{"href":"https:\/\/picromatics.com\/ro\/wp-json\/wp\/v2\/pages"}],"about":[{"href":"https:\/\/picromatics.com\/ro\/wp-json\/wp\/v2\/types\/page"}],"author":[{"embeddable":true,"href":"https:\/\/picromatics.com\/ro\/wp-json\/wp\/v2\/users\/1"}],"replies":[{"embeddable":true,"href":"https:\/\/picromatics.com\/ro\/wp-json\/wp\/v2\/comments?post=1481"}],"version-history":[{"count":11,"href":"https:\/\/picromatics.com\/ro\/wp-json\/wp\/v2\/pages\/1481\/revisions"}],"predecessor-version":[{"id":1997,"href":"https:\/\/picromatics.com\/ro\/wp-json\/wp\/v2\/pages\/1481\/revisions\/1997"}],"wp:featuredmedia":[{"embeddable":true,"href":"https:\/\/picromatics.com\/ro\/wp-json\/wp\/v2\/media\/1482"}],"wp:attachment":[{"href":"https:\/\/picromatics.com\/ro\/wp-json\/wp\/v2\/media?parent=1481"}],"curies":[{"name":"wp","href":"https:\/\/api.w.org\/{rel}","templated":true}]}}