{"id":1477,"date":"2019-06-20T19:12:51","date_gmt":"2019-06-20T16:12:51","guid":{"rendered":"https:\/\/picromatics.com\/?page_id=1477"},"modified":"2021-08-01T19:32:43","modified_gmt":"2021-08-01T16:32:43","slug":"iot-solutions-for-business","status":"publish","type":"page","link":"https:\/\/picromatics.com\/ro\/iot-solutions-for-business\/","title":{"rendered":"Solu\u021bii IoT pentru Business"},"content":{"rendered":"<div class=\"wp-block-cover alignfull has-background-dim\"><img loading=\"lazy\" decoding=\"async\" width=\"2000\" height=\"1308\" class=\"wp-block-cover__image-background wp-image-1747\" alt=\"\" src=\"https:\/\/picromatics.com\/wp-content\/uploads\/2019\/09\/architectural-design-architecture-bangkok-534219-Copy.jpg\" data-object-fit=\"cover\" srcset=\"https:\/\/picromatics.com\/wp-content\/uploads\/2019\/09\/architectural-design-architecture-bangkok-534219-Copy.jpg 2000w, https:\/\/picromatics.com\/wp-content\/uploads\/2019\/09\/architectural-design-architecture-bangkok-534219-Copy-300x196.jpg 300w, https:\/\/picromatics.com\/wp-content\/uploads\/2019\/09\/architectural-design-architecture-bangkok-534219-Copy-768x502.jpg 768w, https:\/\/picromatics.com\/wp-content\/uploads\/2019\/09\/architectural-design-architecture-bangkok-534219-Copy-1024x670.jpg 1024w\" sizes=\"auto, (max-width: 2000px) 100vw, 2000px\" \/><div class=\"wp-block-cover__inner-container is-layout-flow wp-block-cover-is-layout-flow\">\n<p class=\"has-text-align-center has-large-font-size\"><strong>S\u0103 reinvent\u0103m afacerile<\/strong><\/p>\n\n\n\n<p class=\"has-text-align-center\" style=\"font-size:18px\">Picromatics dezvolt\u0103 solu\u021bii IoT profesionale, particularizate pentru nevoile tale de business. <\/p>\n\n\n\n<p class=\"has-text-align-center\" style=\"font-size:18px\">Poveste\u0219te-ne despre afacerea ta \u0219i noi vom deveni partenerii t\u0103i de \u00eencredere. <\/p>\n\n\n\n<div class=\"wp-block-buttons alignwide is-content-justification-center is-layout-flex wp-block-buttons-is-layout-flex\">\n<div class=\"wp-block-button has-custom-font-size\" style=\"font-size:17px\"><a class=\"wp-block-button__link has-background\" href=\"https:\/\/picromatics.com\/#contact\" style=\"background-color:#3366ff\"><strong>S\u0103 \u00eencepem<\/strong><\/a><\/div>\n<\/div>\n<\/div><\/div>\n\n\n\n<p><\/p>","protected":false},"excerpt":{"rendered":"<p>Dezvolt\u0103m infrastructura IT \u0219i realiz\u0103m automatiz\u0103ri smart pentru a \u00eembun\u0103t\u0103\u021bi productivitatea, eficien\u021ba energetic\u0103, controlul \u0219i securitatea. Sisteme de acces, de control de la distan\u021b\u0103, solu\u021bii de analytics \u0219i multe alte idei inovatoare. De acum ai un partener smart de \u00eencredere.<\/p>\n","protected":false},"author":1,"featured_media":1478,"parent":0,"menu_order":0,"comment_status":"closed","ping_status":"closed","template":"template-fullwidth.php","meta":{"_exactmetrics_skip_tracking":false,"_exactmetrics_sitenote_active":false,"_exactmetrics_sitenote_note":"","_exactmetrics_sitenote_category":0,"footnotes":""},"class_list":["post-1477","page","type-page","status-publish","has-post-thumbnail","hentry"],"yoast_head":"<!-- This site is optimized with the Yoast SEO plugin v24.1 - https:\/\/yoast.com\/wordpress\/plugins\/seo\/ -->\n<title>Solu\u021bii IoT pentru Business | Picromatics<\/title>\n<meta name=\"robots\" content=\"index, follow, max-snippet:-1, max-image-preview:large, max-video-preview:-1\" \/>\n<link rel=\"canonical\" href=\"https:\/\/picromatics.com\/iot-solutions-for-business\/\" \/>\n<meta property=\"og:locale\" content=\"ro_RO\" \/>\n<meta property=\"og:type\" content=\"article\" \/>\n<meta property=\"og:title\" content=\"[:en]IoT Solutions for Business[:ro]Solu\u021bii IoT pentru Business[:] | Picromatics\" \/>\n<meta property=\"og:description\" content=\"[:en]Developing a full IT infrastructure and creating smart automations in order to improve your business productivity, energy efficiency, control and security is our job. Analytics, access systems, remote business management and more. You don\u2019t have to worry anymore, because now you have a reliable business partner.[:ro] Dezvolt\u0103m infrastructura IT \u0219i realiz\u0103m automatiz\u0103ri smart pentru a \u00eembun\u0103t\u0103\u021bi productivitatea, eficien\u021ba energetic\u0103, controlul \u0219i securitatea. Sisteme de acces, de control de la distan\u021b\u0103, solu\u021bii de analytics \u0219i multe alte idei inovatoare. De acum ai un partener smart de \u00eencredere. [:]\" \/>\n<meta property=\"og:url\" content=\"https:\/\/picromatics.com\/iot-solutions-for-business\/\" \/>\n<meta property=\"og:site_name\" content=\"Picromatics\" \/>\n<meta property=\"article:publisher\" content=\"https:\/\/facebook.com\/picromatics\" \/>\n<meta property=\"article:modified_time\" content=\"2021-08-01T16:32:43+00:00\" \/>\n<meta property=\"og:image\" content=\"https:\/\/picromatics.com\/wp-content\/uploads\/2019\/06\/businessman-collaborate-collaboration-872957.jpg\" \/>\n\t<meta property=\"og:image:width\" content=\"1368\" \/>\n\t<meta property=\"og:image:height\" content=\"988\" \/>\n\t<meta property=\"og:image:type\" content=\"image\/jpeg\" \/>\n<meta name=\"twitter:card\" content=\"summary_large_image\" \/>\n<meta name=\"twitter:label1\" content=\"Timp estimat pentru citire\" \/>\n\t<meta name=\"twitter:data1\" content=\"1 minut\" \/>\n<script type=\"application\/ld+json\" class=\"yoast-schema-graph\">{\"@context\":\"https:\/\/schema.org\",\"@graph\":[{\"@type\":\"WebPage\",\"@id\":\"https:\/\/picromatics.com\/iot-solutions-for-business\/\",\"url\":\"https:\/\/picromatics.com\/iot-solutions-for-business\/\",\"name\":\"[:en]IoT Solutions for Business[:ro]Solu\u021bii IoT pentru Business[:] | Picromatics\",\"isPartOf\":{\"@id\":\"https:\/\/picromatics.com\/#website\"},\"primaryImageOfPage\":{\"@id\":\"https:\/\/picromatics.com\/iot-solutions-for-business\/#primaryimage\"},\"image\":{\"@id\":\"https:\/\/picromatics.com\/iot-solutions-for-business\/#primaryimage\"},\"thumbnailUrl\":\"https:\/\/picromatics.com\/wp-content\/uploads\/2019\/06\/businessman-collaborate-collaboration-872957.jpg\",\"datePublished\":\"2019-06-20T16:12:51+00:00\",\"dateModified\":\"2021-08-01T16:32:43+00:00\",\"breadcrumb\":{\"@id\":\"https:\/\/picromatics.com\/iot-solutions-for-business\/#breadcrumb\"},\"inLanguage\":\"ro-RO\",\"potentialAction\":[{\"@type\":\"ReadAction\",\"target\":[\"https:\/\/picromatics.com\/iot-solutions-for-business\/\"]}]},{\"@type\":\"ImageObject\",\"inLanguage\":\"ro-RO\",\"@id\":\"https:\/\/picromatics.com\/iot-solutions-for-business\/#primaryimage\",\"url\":\"https:\/\/picromatics.com\/wp-content\/uploads\/2019\/06\/businessman-collaborate-collaboration-872957.jpg\",\"contentUrl\":\"https:\/\/picromatics.com\/wp-content\/uploads\/2019\/06\/businessman-collaborate-collaboration-872957.jpg\",\"width\":1368,\"height\":988,\"caption\":\"iot business\"},{\"@type\":\"BreadcrumbList\",\"@id\":\"https:\/\/picromatics.com\/iot-solutions-for-business\/#breadcrumb\",\"itemListElement\":[{\"@type\":\"ListItem\",\"position\":1,\"name\":\"Home\",\"item\":\"https:\/\/picromatics.com\/\"},{\"@type\":\"ListItem\",\"position\":2,\"name\":\"IoT Solutions for Business\"}]},{\"@type\":\"WebSite\",\"@id\":\"https:\/\/picromatics.com\/#website\",\"url\":\"https:\/\/picromatics.com\/\",\"name\":\"Picromatics\",\"description\":\"Upgrading your future\",\"publisher\":{\"@id\":\"https:\/\/picromatics.com\/#organization\"},\"potentialAction\":[{\"@type\":\"SearchAction\",\"target\":{\"@type\":\"EntryPoint\",\"urlTemplate\":\"https:\/\/picromatics.com\/?s={search_term_string}\"},\"query-input\":{\"@type\":\"PropertyValueSpecification\",\"valueRequired\":true,\"valueName\":\"search_term_string\"}}],\"inLanguage\":\"ro-RO\"},{\"@type\":\"Organization\",\"@id\":\"https:\/\/picromatics.com\/#organization\",\"name\":\"Picromatics\",\"url\":\"https:\/\/picromatics.com\/\",\"logo\":{\"@type\":\"ImageObject\",\"inLanguage\":\"ro-RO\",\"@id\":\"https:\/\/picromatics.com\/#\/schema\/logo\/image\/\",\"url\":\"https:\/\/picromatics.com\/wp-content\/uploads\/2019\/06\/logo-final-picromatics-resized.png\",\"contentUrl\":\"https:\/\/picromatics.com\/wp-content\/uploads\/2019\/06\/logo-final-picromatics-resized.png\",\"width\":322,\"height\":50,\"caption\":\"Picromatics\"},\"image\":{\"@id\":\"https:\/\/picromatics.com\/#\/schema\/logo\/image\/\"},\"sameAs\":[\"https:\/\/facebook.com\/picromatics\",\"https:\/\/instagram.com\/@picromatics\"]}]}<\/script>\n<!-- \/ Yoast SEO plugin. -->","yoast_head_json":{"title":"[:en]IoT Solutions for Business[:ro]Solu\u021bii IoT pentru Business[:] | Picromatics","robots":{"index":"index","follow":"follow","max-snippet":"max-snippet:-1","max-image-preview":"max-image-preview:large","max-video-preview":"max-video-preview:-1"},"canonical":"https:\/\/picromatics.com\/iot-solutions-for-business\/","og_locale":"ro_RO","og_type":"article","og_title":"[:en]IoT Solutions for Business[:ro]Solu\u021bii IoT pentru Business[:] | Picromatics","og_description":"[:en]Developing a full IT infrastructure and creating smart automations in order to improve your business productivity, energy efficiency, control and security is our job. Analytics, access systems, remote business management and more. You don\u2019t have to worry anymore, because now you have a reliable business partner.[:ro] Dezvolt\u0103m infrastructura IT \u0219i realiz\u0103m automatiz\u0103ri smart pentru a \u00eembun\u0103t\u0103\u021bi productivitatea, eficien\u021ba energetic\u0103, controlul \u0219i securitatea. Sisteme de acces, de control de la distan\u021b\u0103, solu\u021bii de analytics \u0219i multe alte idei inovatoare. De acum ai un partener smart de \u00eencredere. [:]","og_url":"https:\/\/picromatics.com\/iot-solutions-for-business\/","og_site_name":"Picromatics","article_publisher":"https:\/\/facebook.com\/picromatics","article_modified_time":"2021-08-01T16:32:43+00:00","og_image":[{"width":1368,"height":988,"url":"https:\/\/picromatics.com\/wp-content\/uploads\/2019\/06\/businessman-collaborate-collaboration-872957.jpg","type":"image\/jpeg"}],"twitter_card":"summary_large_image","twitter_misc":{"Timp estimat pentru citire":"1 minut"},"schema":{"@context":"https:\/\/schema.org","@graph":[{"@type":"WebPage","@id":"https:\/\/picromatics.com\/iot-solutions-for-business\/","url":"https:\/\/picromatics.com\/iot-solutions-for-business\/","name":"[:en]IoT Solutions for Business[:ro]Solu\u021bii IoT pentru Business[:] | Picromatics","isPartOf":{"@id":"https:\/\/picromatics.com\/#website"},"primaryImageOfPage":{"@id":"https:\/\/picromatics.com\/iot-solutions-for-business\/#primaryimage"},"image":{"@id":"https:\/\/picromatics.com\/iot-solutions-for-business\/#primaryimage"},"thumbnailUrl":"https:\/\/picromatics.com\/wp-content\/uploads\/2019\/06\/businessman-collaborate-collaboration-872957.jpg","datePublished":"2019-06-20T16:12:51+00:00","dateModified":"2021-08-01T16:32:43+00:00","breadcrumb":{"@id":"https:\/\/picromatics.com\/iot-solutions-for-business\/#breadcrumb"},"inLanguage":"ro-RO","potentialAction":[{"@type":"ReadAction","target":["https:\/\/picromatics.com\/iot-solutions-for-business\/"]}]},{"@type":"ImageObject","inLanguage":"ro-RO","@id":"https:\/\/picromatics.com\/iot-solutions-for-business\/#primaryimage","url":"https:\/\/picromatics.com\/wp-content\/uploads\/2019\/06\/businessman-collaborate-collaboration-872957.jpg","contentUrl":"https:\/\/picromatics.com\/wp-content\/uploads\/2019\/06\/businessman-collaborate-collaboration-872957.jpg","width":1368,"height":988,"caption":"iot business"},{"@type":"BreadcrumbList","@id":"https:\/\/picromatics.com\/iot-solutions-for-business\/#breadcrumb","itemListElement":[{"@type":"ListItem","position":1,"name":"Home","item":"https:\/\/picromatics.com\/"},{"@type":"ListItem","position":2,"name":"IoT Solutions for Business"}]},{"@type":"WebSite","@id":"https:\/\/picromatics.com\/#website","url":"https:\/\/picromatics.com\/","name":"Picromatics","description":"Upgrading your future","publisher":{"@id":"https:\/\/picromatics.com\/#organization"},"potentialAction":[{"@type":"SearchAction","target":{"@type":"EntryPoint","urlTemplate":"https:\/\/picromatics.com\/?s={search_term_string}"},"query-input":{"@type":"PropertyValueSpecification","valueRequired":true,"valueName":"search_term_string"}}],"inLanguage":"ro-RO"},{"@type":"Organization","@id":"https:\/\/picromatics.com\/#organization","name":"Picromatics","url":"https:\/\/picromatics.com\/","logo":{"@type":"ImageObject","inLanguage":"ro-RO","@id":"https:\/\/picromatics.com\/#\/schema\/logo\/image\/","url":"https:\/\/picromatics.com\/wp-content\/uploads\/2019\/06\/logo-final-picromatics-resized.png","contentUrl":"https:\/\/picromatics.com\/wp-content\/uploads\/2019\/06\/logo-final-picromatics-resized.png","width":322,"height":50,"caption":"Picromatics"},"image":{"@id":"https:\/\/picromatics.com\/#\/schema\/logo\/image\/"},"sameAs":["https:\/\/facebook.com\/picromatics","https:\/\/instagram.com\/@picromatics"]}]}},"_links":{"self":[{"href":"https:\/\/picromatics.com\/ro\/wp-json\/wp\/v2\/pages\/1477","targetHints":{"allow":["GET"]}}],"collection":[{"href":"https:\/\/picromatics.com\/ro\/wp-json\/wp\/v2\/pages"}],"about":[{"href":"https:\/\/picromatics.com\/ro\/wp-json\/wp\/v2\/types\/page"}],"author":[{"embeddable":true,"href":"https:\/\/picromatics.com\/ro\/wp-json\/wp\/v2\/users\/1"}],"replies":[{"embeddable":true,"href":"https:\/\/picromatics.com\/ro\/wp-json\/wp\/v2\/comments?post=1477"}],"version-history":[{"count":10,"href":"https:\/\/picromatics.com\/ro\/wp-json\/wp\/v2\/pages\/1477\/revisions"}],"predecessor-version":[{"id":1995,"href":"https:\/\/picromatics.com\/ro\/wp-json\/wp\/v2\/pages\/1477\/revisions\/1995"}],"wp:featuredmedia":[{"embeddable":true,"href":"https:\/\/picromatics.com\/ro\/wp-json\/wp\/v2\/media\/1478"}],"wp:attachment":[{"href":"https:\/\/picromatics.com\/ro\/wp-json\/wp\/v2\/media?parent=1477"}],"curies":[{"name":"wp","href":"https:\/\/api.w.org\/{rel}","templated":true}]}}